{"id":2005,"date":"2025-10-23T17:13:10","date_gmt":"2025-10-23T15:13:10","guid":{"rendered":"https:\/\/almafiel.es\/quieres-ser-distribuidor\/"},"modified":"2025-12-02T19:18:41","modified_gmt":"2025-12-02T18:18:41","slug":"quer-ser-um-distribuidor","status":"publish","type":"page","link":"https:\/\/almafiel.es\/pt-pt\/quer-ser-um-distribuidor\/","title":{"rendered":"Quer ser um distribuidor?"},"content":{"rendered":"\t\t<div data-elementor-type=\"wp-page\" data-elementor-id=\"2005\" class=\"elementor elementor-2005 elementor-709\" data-elementor-post-type=\"page\">\n\t\t\t\t<div class=\"elementor-element elementor-element-bbbd9e3 e-con-full e-flex e-con e-parent\" data-id=\"bbbd9e3\" data-element_type=\"container\" data-settings=\"{&quot;background_background&quot;:&quot;classic&quot;}\">\n\t\t<div class=\"elementor-element elementor-element-5328f9d e-con-full e-flex e-con e-child\" data-id=\"5328f9d\" data-element_type=\"container\">\n\t\t\t\t<\/div>\n\t\t\t\t<\/div>\n\t\t<div class=\"elementor-element elementor-element-d1bf2b7 e-con-full e-flex e-con e-parent\" data-id=\"d1bf2b7\" data-element_type=\"container\">\n\t\t<div class=\"elementor-element elementor-element-963ec19 e-con-full e-flex e-con e-child\" data-id=\"963ec19\" data-element_type=\"container\">\n\t\t\t\t<div class=\"elementor-element elementor-element-5b706a3 elementor-button-align-center elementor-mobile-button-align-center elementor-widget elementor-widget-form\" data-id=\"5b706a3\" data-element_type=\"widget\" data-settings=\"{&quot;step_next_label&quot;:&quot;Siguiente&quot;,&quot;step_previous_label&quot;:&quot;Anterior&quot;,&quot;button_width&quot;:&quot;100&quot;,&quot;step_type&quot;:&quot;number_text&quot;,&quot;step_icon_shape&quot;:&quot;circle&quot;}\" data-widget_type=\"form.default\">\n\t\t\t\t\t\t\t<form class=\"elementor-form\" method=\"post\" name=\"Distribuidor\" aria-label=\"Distribuidor\">\n\t\t\t<input type=\"hidden\" name=\"post_id\" value=\"2005\"\/>\n\t\t\t<input type=\"hidden\" name=\"form_id\" value=\"5b706a3\"\/>\n\t\t\t<input type=\"hidden\" name=\"referer_title\" value=\"Quer ser um distribuidor?\" \/>\n\n\t\t\t\t\t\t\t<input type=\"hidden\" name=\"queried_id\" value=\"2005\"\/>\n\t\t\t\n\t\t\t<div class=\"elementor-form-fields-wrapper elementor-labels-above\">\n\t\t\t\t\t\t\t\t<div class=\"elementor-field-type-html elementor-field-group elementor-column elementor-field-group-field_5b18544 elementor-col-100\">\n\t\t\t\t\tInforma\u00e7\u00f5es de contacto\t\t\t\t<\/div>\n\t\t\t\t\t\t\t\t<div class=\"elementor-field-type-text elementor-field-group elementor-column elementor-field-group-Nombre elementor-col-50 elementor-field-required elementor-mark-required\">\n\t\t\t\t\t\t\t\t\t\t\t\t<label for=\"form-field-Nombre\" class=\"elementor-field-label\">\n\t\t\t\t\t\t\t\tNome e apelido \/ Nome da empresa\t\t\t\t\t\t\t<\/label>\n\t\t\t\t\t\t\t\t\t\t\t\t\t\t<input size=\"1\" type=\"text\" name=\"form_fields[Nombre]\" id=\"form-field-Nombre\" class=\"elementor-field elementor-size-sm  elementor-field-textual\" required=\"required\">\n\t\t\t\t\t\t\t\t\t\t\t<\/div>\n\t\t\t\t\t\t\t\t<div class=\"elementor-field-type-text elementor-field-group elementor-column elementor-field-group-CIF elementor-col-50 elementor-field-required elementor-mark-required\">\n\t\t\t\t\t\t\t\t\t\t\t\t<label for=\"form-field-CIF\" class=\"elementor-field-label\">\n\t\t\t\t\t\t\t\tCIF\/NIF\t\t\t\t\t\t\t<\/label>\n\t\t\t\t\t\t\t\t\t\t\t\t\t\t<input size=\"1\" type=\"text\" name=\"form_fields[CIF]\" id=\"form-field-CIF\" class=\"elementor-field elementor-size-sm  elementor-field-textual\" required=\"required\">\n\t\t\t\t\t\t\t\t\t\t\t<\/div>\n\t\t\t\t\t\t\t\t<div class=\"elementor-field-type-email elementor-field-group elementor-column elementor-field-group-emails elementor-col-50 elementor-field-required elementor-mark-required\">\n\t\t\t\t\t\t\t\t\t\t\t\t<label for=\"form-field-emails\" class=\"elementor-field-label\">\n\t\t\t\t\t\t\t\tE-mail de contacto\t\t\t\t\t\t\t<\/label>\n\t\t\t\t\t\t\t\t\t\t\t\t\t\t<input size=\"1\" type=\"email\" name=\"form_fields[emails]\" id=\"form-field-emails\" class=\"elementor-field elementor-size-sm  elementor-field-textual\" required=\"required\">\n\t\t\t\t\t\t\t\t\t\t\t<\/div>\n\t\t\t\t\t\t\t\t<div class=\"elementor-field-type-tel elementor-field-group elementor-column elementor-field-group-Telefono elementor-col-50 elementor-field-required elementor-mark-required\">\n\t\t\t\t\t\t\t\t\t\t\t\t<label for=\"form-field-Telefono\" class=\"elementor-field-label\">\n\t\t\t\t\t\t\t\tTelefone\t\t\t\t\t\t\t<\/label>\n\t\t\t\t\t\t\t\t<input size=\"1\" type=\"tel\" name=\"form_fields[Telefono]\" id=\"form-field-Telefono\" class=\"elementor-field elementor-size-sm  elementor-field-textual\" required=\"required\" pattern=\"[0-9()#&amp;+*-=.]+\" title=\"Only numbers and phone characters (#, -, *, etc) are accepted.\">\n\n\t\t\t\t\t\t<\/div>\n\t\t\t\t\t\t\t\t<div class=\"elementor-field-type-text elementor-field-group elementor-column elementor-field-group-Direccion elementor-col-100 elementor-field-required elementor-mark-required\">\n\t\t\t\t\t\t\t\t\t\t\t\t<label for=\"form-field-Direccion\" class=\"elementor-field-label\">\n\t\t\t\t\t\t\t\tEndere\u00e7o completo (incluindo cidade e prov\u00edncia)\t\t\t\t\t\t\t<\/label>\n\t\t\t\t\t\t\t\t\t\t\t\t\t\t<input size=\"1\" type=\"text\" name=\"form_fields[Direccion]\" id=\"form-field-Direccion\" class=\"elementor-field elementor-size-sm  elementor-field-textual\" required=\"required\">\n\t\t\t\t\t\t\t\t\t\t\t<\/div>\n\t\t\t\t\t\t\t\t<div class=\"elementor-field-type-html elementor-field-group elementor-column elementor-field-group-field_88d1d6c elementor-col-100\">\n\t\t\t\t\tPerfil da Empresa\t\t\t\t<\/div>\n\t\t\t\t\t\t\t\t<div class=\"elementor-field-type-radio elementor-field-group elementor-column elementor-field-group-actividad elementor-col-100 elementor-field-required elementor-mark-required\">\n\t\t\t\t\t\t\t\t\t\t\t\t<label for=\"form-field-actividad\" class=\"elementor-field-label\">\n\t\t\t\t\t\t\t\tTipo de atividade\t\t\t\t\t\t\t<\/label>\n\t\t\t\t\t\t<div class=\"elementor-field-subgroup  elementor-subgroup-inline\"><span class=\"elementor-field-option\"><input type=\"radio\" value=\"Loja f\u00edsica\" id=\"form-field-actividad-0\" name=\"form_fields[actividad]\" required=\"required\"> <label for=\"form-field-actividad-0\">Loja f\u00edsica<\/label><\/span><span class=\"elementor-field-option\"><input type=\"radio\" value=\"Cl\u00ednica veterin\u00e1ria\" id=\"form-field-actividad-1\" name=\"form_fields[actividad]\" required=\"required\"> <label for=\"form-field-actividad-1\">Cl\u00ednica veterin\u00e1ria<\/label><\/span><span class=\"elementor-field-option\"><input type=\"radio\" value=\"Loja online\" id=\"form-field-actividad-2\" name=\"form_fields[actividad]\" required=\"required\"> <label for=\"form-field-actividad-2\">Loja online<\/label><\/span><span class=\"elementor-field-option\"><input type=\"radio\" value=\"Distribuidor grossista\" id=\"form-field-actividad-3\" name=\"form_fields[actividad]\" required=\"required\"> <label for=\"form-field-actividad-3\">Distribuidor grossista<\/label><\/span><\/div>\t\t\t\t<\/div>\n\t\t\t\t\t\t\t\t<div class=\"elementor-field-type-text elementor-field-group elementor-column elementor-field-group-otro elementor-col-100\">\n\t\t\t\t\t\t\t\t\t\t\t\t<label for=\"form-field-otro\" class=\"elementor-field-label\">\n\t\t\t\t\t\t\t\tOutro (especificar)\t\t\t\t\t\t\t<\/label>\n\t\t\t\t\t\t\t\t\t\t\t\t\t\t<input size=\"1\" type=\"text\" name=\"form_fields[otro]\" id=\"form-field-otro\" class=\"elementor-field elementor-size-sm  elementor-field-textual\">\n\t\t\t\t\t\t\t\t\t\t\t<\/div>\n\t\t\t\t\t\t\t\t<div class=\"elementor-field-type-number elementor-field-group elementor-column elementor-field-group-anos_de_actividad elementor-col-100\">\n\t\t\t\t\t\t\t\t\t\t\t\t<label for=\"form-field-anos_de_actividad\" class=\"elementor-field-label\">\n\t\t\t\t\t\t\t\tAnos de atividade no setor\t\t\t\t\t\t\t<\/label>\n\t\t\t\t\t\t\t\t\t<input type=\"number\" name=\"form_fields[anos_de_actividad]\" id=\"form-field-anos_de_actividad\" class=\"elementor-field elementor-size-sm  elementor-field-textual\" min=\"\" max=\"\" >\n\t\t\t\t\t\t<\/div>\n\t\t\t\t\t\t\t\t<div class=\"elementor-field-type-text elementor-field-group elementor-column elementor-field-group-Marcas elementor-col-100\">\n\t\t\t\t\t\t\t\t\t\t\t\t<label for=\"form-field-Marcas\" class=\"elementor-field-label\">\n\t\t\t\t\t\t\t\tMarcas de suplementos que vende atualmente:\t\t\t\t\t\t\t<\/label>\n\t\t\t\t\t\t\t\t\t\t\t\t\t\t<input size=\"1\" type=\"text\" name=\"form_fields[Marcas]\" id=\"form-field-Marcas\" class=\"elementor-field elementor-size-sm  elementor-field-textual\">\n\t\t\t\t\t\t\t\t\t\t\t<\/div>\n\t\t\t\t\t\t\t\t<div class=\"elementor-field-type-html elementor-field-group elementor-column elementor-field-group-field_937e649 elementor-col-100\">\n\t\t\t\t\tInteresse em Almafiel\t\t\t\t<\/div>\n\t\t\t\t\t\t\t\t<div class=\"elementor-field-type-text elementor-field-group elementor-column elementor-field-group-motivo elementor-col-100\">\n\t\t\t\t\t\t\t\t\t\t\t\t<label for=\"form-field-motivo\" class=\"elementor-field-label\">\n\t\t\t\t\t\t\t\tO que te motiva a distribuir Almafiel?\t\t\t\t\t\t\t<\/label>\n\t\t\t\t\t\t\t\t\t\t\t\t\t\t<input size=\"1\" type=\"text\" name=\"form_fields[motivo]\" id=\"form-field-motivo\" class=\"elementor-field elementor-size-sm  elementor-field-textual\">\n\t\t\t\t\t\t\t\t\t\t\t<\/div>\n\t\t\t\t\t\t\t\t<div class=\"elementor-field-type-radio elementor-field-group elementor-column elementor-field-group-volumen_de_compras elementor-col-100 elementor-field-required elementor-mark-required\">\n\t\t\t\t\t\t\t\t\t\t\t\t<label for=\"form-field-volumen_de_compras\" class=\"elementor-field-label\">\n\t\t\t\t\t\t\t\tVolume estimado de compras mensais\t\t\t\t\t\t\t<\/label>\n\t\t\t\t\t\t<div class=\"elementor-field-subgroup  elementor-subgroup-inline\"><span class=\"elementor-field-option\"><input type=\"radio\" value=\"&lt; 500 \u20ac\" id=\"form-field-volumen_de_compras-0\" name=\"form_fields[volumen_de_compras]\" required=\"required\"> <label for=\"form-field-volumen_de_compras-0\">< 500 \u20ac<\/label><\/span><span class=\"elementor-field-option\"><input type=\"radio\" value=\"500 \u2013 1.000 \u20ac\" id=\"form-field-volumen_de_compras-1\" name=\"form_fields[volumen_de_compras]\" required=\"required\"> <label for=\"form-field-volumen_de_compras-1\">500 \u2013 1.000 \u20ac<\/label><\/span><span class=\"elementor-field-option\"><input type=\"radio\" value=\"1.000 \u2013 3.000 \u20ac\" id=\"form-field-volumen_de_compras-2\" name=\"form_fields[volumen_de_compras]\" required=\"required\"> <label for=\"form-field-volumen_de_compras-2\">1.000 \u2013 3.000 \u20ac<\/label><\/span><span class=\"elementor-field-option\"><input type=\"radio\" value=\"&gt; 3.000 \u20ac\" id=\"form-field-volumen_de_compras-3\" name=\"form_fields[volumen_de_compras]\" required=\"required\"> <label for=\"form-field-volumen_de_compras-3\">> 3.000 \u20ac<\/label><\/span><\/div>\t\t\t\t<\/div>\n\t\t\t\t\t\t\t\t<div class=\"elementor-field-type-html elementor-field-group elementor-column elementor-field-group-field_01ebd37 elementor-col-100\">\n\t\t\t\t\tConsentimento\t\t\t\t<\/div>\n\t\t\t\t\t\t\t\t<div class=\"elementor-field-type-acceptance elementor-field-group elementor-column elementor-field-group-acepto_trate_mis_datos elementor-col-100 elementor-field-required elementor-mark-required\">\n\t\t\t\t\t\t\t<div class=\"elementor-field-subgroup\">\n\t\t\t<span class=\"elementor-field-option\">\n\t\t\t\t<input type=\"checkbox\" name=\"form_fields[acepto_trate_mis_datos]\" id=\"form-field-acepto_trate_mis_datos\" class=\"elementor-field elementor-size-sm  elementor-acceptance-field\" required=\"required\">\n\t\t\t\t<label for=\"form-field-acepto_trate_mis_datos\">Concordo que a Almafiel pode tratar os meus dados para gerir a minha candidatura de distribuidor.<\/label>\t\t\t<\/span>\n\t\t<\/div>\n\t\t\t\t\t\t<\/div>\n\t\t\t\t\t\t\t\t<div class=\"elementor-field-type-acceptance elementor-field-group elementor-column elementor-field-group-Promociones elementor-col-100\">\n\t\t\t\t\t\t\t<div class=\"elementor-field-subgroup\">\n\t\t\t<span class=\"elementor-field-option\">\n\t\t\t\t<input type=\"checkbox\" name=\"form_fields[Promociones]\" id=\"form-field-Promociones\" class=\"elementor-field elementor-size-sm  elementor-acceptance-field\">\n\t\t\t\t<label for=\"form-field-Promociones\">Gostaria de receber informa\u00e7\u00f5es comerciais da Almafiel (promo\u00e7\u00f5es, cat\u00e1logo e novos produtos).<\/label>\t\t\t<\/span>\n\t\t<\/div>\n\t\t\t\t\t\t<\/div>\n\t\t\t\t\t\t\t\t<div class=\"elementor-field-group elementor-column elementor-field-type-submit elementor-col-100 e-form__buttons\">\n\t\t\t\t\t<button class=\"elementor-button elementor-size-sm elementor-animation-float\" type=\"submit\">\n\t\t\t\t\t\t<span class=\"elementor-button-content-wrapper\">\n\t\t\t\t\t\t\t\t\t\t\t\t\t\t\t\t\t\t\t\t\t\t<span class=\"elementor-button-text\">Enviar solicita\u00e7\u00e3o<\/span>\n\t\t\t\t\t\t\t\t\t\t\t\t\t<\/span>\n\t\t\t\t\t<\/button>\n\t\t\t\t<\/div>\n\t\t\t<\/div>\n\t\t<\/form>\n\t\t\t\t\t\t<\/div>\n\t\t\t\t<\/div>\n\t\t\t\t<\/div>\n\t\t\t\t<\/div>\n\t\t","protected":false},"excerpt":{"rendered":"","protected":false},"author":1,"featured_media":0,"parent":0,"menu_order":0,"comment_status":"closed","ping_status":"closed","template":"elementor_header_footer","meta":{"_acf_changed":false,"footnotes":""},"class_list":["post-2005","page","type-page","status-publish","hentry"],"acf":[],"_links":{"self":[{"href":"https:\/\/almafiel.es\/pt-pt\/wp-json\/wp\/v2\/pages\/2005","targetHints":{"allow":["GET"]}}],"collection":[{"href":"https:\/\/almafiel.es\/pt-pt\/wp-json\/wp\/v2\/pages"}],"about":[{"href":"https:\/\/almafiel.es\/pt-pt\/wp-json\/wp\/v2\/types\/page"}],"author":[{"embeddable":true,"href":"https:\/\/almafiel.es\/pt-pt\/wp-json\/wp\/v2\/users\/1"}],"replies":[{"embeddable":true,"href":"https:\/\/almafiel.es\/pt-pt\/wp-json\/wp\/v2\/comments?post=2005"}],"version-history":[{"count":11,"href":"https:\/\/almafiel.es\/pt-pt\/wp-json\/wp\/v2\/pages\/2005\/revisions"}],"predecessor-version":[{"id":3229,"href":"https:\/\/almafiel.es\/pt-pt\/wp-json\/wp\/v2\/pages\/2005\/revisions\/3229"}],"wp:attachment":[{"href":"https:\/\/almafiel.es\/pt-pt\/wp-json\/wp\/v2\/media?parent=2005"}],"curies":[{"name":"wp","href":"https:\/\/api.w.org\/{rel}","templated":true}]}}