{"id":2015,"date":"2025-10-23T03:14:51","date_gmt":"2025-10-23T01:14:51","guid":{"rendered":"https:\/\/almafiel.es\/club\/"},"modified":"2025-11-17T06:34:21","modified_gmt":"2025-11-17T05:34:21","slug":"clube","status":"publish","type":"page","link":"https:\/\/almafiel.es\/pt-pt\/clube\/","title":{"rendered":"Clube"},"content":{"rendered":"\t\t<div data-elementor-type=\"wp-page\" data-elementor-id=\"2015\" class=\"elementor elementor-2015 elementor-661\" data-elementor-post-type=\"page\">\n\t\t\t\t<div class=\"elementor-element elementor-element-87dcbbe e-con-full e-flex e-con e-parent\" data-id=\"87dcbbe\" data-element_type=\"container\" data-settings=\"{&quot;background_background&quot;:&quot;classic&quot;}\">\n\t\t<div class=\"elementor-element elementor-element-cca7249 e-con-full e-flex e-con e-child\" data-id=\"cca7249\" data-element_type=\"container\">\n\t\t\t\t<div class=\"elementor-element elementor-element-29914ec elementor-widget elementor-widget-heading\" data-id=\"29914ec\" data-element_type=\"widget\" data-widget_type=\"heading.default\">\n\t\t\t\t\t<h1 class=\"elementor-heading-title elementor-size-default\">Clube<\/h1>\t\t\t\t<\/div>\n\t\t\t\t<div class=\"elementor-element elementor-element-872591f elementor-widget-mobile__width-inherit elementor-widget elementor-widget-image\" data-id=\"872591f\" data-element_type=\"widget\" data-widget_type=\"image.default\">\n\t\t\t\t\t\t\t\t\t\t\t\t\t\t\t<img decoding=\"async\" width=\"369\" height=\"121\" src=\"https:\/\/almafiel.es\/wp-content\/uploads\/2025\/09\/almafiel-logo.png\" class=\"attachment-large size-large wp-image-2159\" alt=\"almafiel\" srcset=\"https:\/\/almafiel.es\/wp-content\/uploads\/2025\/09\/almafiel-logo.png 369w, https:\/\/almafiel.es\/wp-content\/uploads\/2025\/09\/almafiel-logo-300x98.png 300w\" sizes=\"(max-width: 369px) 100vw, 369px\" \/>\t\t\t\t\t\t\t\t\t\t\t\t\t\t\t<\/div>\n\t\t\t\t<\/div>\n\t\t\t\t<\/div>\n\t\t<div class=\"elementor-element elementor-element-ed11fdc e-con-full e-flex e-con e-parent\" data-id=\"ed11fdc\" data-element_type=\"container\" data-settings=\"{&quot;background_background&quot;:&quot;classic&quot;}\">\n\t\t<div class=\"elementor-element elementor-element-537352f e-con-full e-flex e-con e-child\" data-id=\"537352f\" data-element_type=\"container\">\n\t\t<div class=\"elementor-element elementor-element-68a5d9a e-con-full e-flex e-con e-child\" data-id=\"68a5d9a\" data-element_type=\"container\">\n\t\t\t\t<div class=\"elementor-element elementor-element-8dc7cd6 elementor-widget elementor-widget-heading\" data-id=\"8dc7cd6\" data-element_type=\"widget\" data-widget_type=\"heading.default\">\n\t\t\t\t\t<h2 class=\"elementor-heading-title elementor-size-default\">Bem-vindo!<\/h2>\t\t\t\t<\/div>\n\t\t\t\t<div class=\"elementor-element elementor-element-5b89797 elementor-widget elementor-widget-heading\" data-id=\"5b89797\" data-element_type=\"widget\" data-widget_type=\"heading.default\">\n\t\t\t\t\t<p class=\"elementor-heading-title elementor-size-default\">Estamos felizes por querer juntar-se \u00e0 nossa grande fam\u00edlia.<\/p>\t\t\t\t<\/div>\n\t\t\t\t<div class=\"elementor-element elementor-element-024adc6 elementor-widget elementor-widget-heading\" data-id=\"024adc6\" data-element_type=\"widget\" data-widget_type=\"heading.default\">\n\t\t\t\t\t<p class=\"elementor-heading-title elementor-size-default\">Preencha os seus dados para ter acesso a um desconto exclusivo na sua primeira compra e receber, diretamente no seu e-mail, todas as nossas novidades, lan\u00e7amentos e promo\u00e7\u00f5es especiais.<\/p>\t\t\t\t<\/div>\n\t\t\t\t<div class=\"elementor-element elementor-element-bf6b98f elementor-widget elementor-widget-heading\" data-id=\"bf6b98f\" data-element_type=\"widget\" data-widget_type=\"heading.default\">\n\t\t\t\t\t<p class=\"elementor-heading-title elementor-size-default\">Queremos que aproveite o melhor desde o primeiro momento!<\/p>\t\t\t\t<\/div>\n\t\t\t\t<\/div>\n\t\t\t\t<\/div>\n\t\t<div class=\"elementor-element elementor-element-bb2b890 e-con-full e-flex e-con e-child\" data-id=\"bb2b890\" data-element_type=\"container\">\n\t\t\t\t<div class=\"elementor-element elementor-element-e05d664 elementor-widget elementor-widget-jet-form-builder-form\" data-id=\"e05d664\" data-element_type=\"widget\" data-widget_type=\"jet-form-builder-form.default\">\n\t\t\t\t<div class=\"elementor-widget-container\">\n\t\t\t\t\t<link rel='stylesheet' id='wp-block-library-css' href='https:\/\/almafiel.es\/wp-includes\/css\/dist\/block-library\/style.min.css?ver=6.9.4' media='all' \/>\n<style id=\"jet-form-builder-2729-inline-css\"><\/style><form  class=\"jet-form-builder layout-column submit-type-reload\" action=\"https:\/\/almafiel.es\/pt-pt\/wp-json\/wp\/v2\/pages\/2015\/?gbK055=EqP61689KWP1&amp;method=reload\" method=\"POST\" data-form-id=\"2729\" data-layout=\"column\" enctype=\"multipart\/form-data\" novalidate=\"null\" ssr_validation_method=\"rest\"><input type=\"hidden\" id=\"_wpnonce\" name=\"_wpnonce\" value=\"a589f54947\" \/><input type=\"hidden\" name=\"_wp_http_referer\" value=\"\/pt-pt\/wp-json\/wp\/v2\/pages\/2015\" \/>\r\n<input type=\"hidden\" name=\"_jfb_current_render_states[]\" value=\"DEFAULT.STATE\" data-jfb-sync \/><input type=\"hidden\" class=\"jet-form-builder__field hidden-field\" name=\"_jet_engine_booking_form_id\" data-field-name=\"_jet_engine_booking_form_id\" value=\"2729\">\n<input type=\"hidden\" class=\"jet-form-builder__field hidden-field\" name=\"_jet_engine_refer\" data-field-name=\"_jet_engine_refer\" value=\"https:\/\/almafiel.es\/pt-pt\/wp-json\/wp\/v2\/pages\/2015\/\">\n<input type=\"hidden\" class=\"jet-form-builder__field hidden-field\" name=\"__queried_post_id\" data-field-name=\"__queried_post_id\" value=\"2015\">\n\n\n\n<div class=\"wp-block-columns is-layout-flex wp-container-core-columns-is-layout-28f84493 wp-block-columns-is-layout-flex\">\n<div class=\"wp-block-column is-layout-flow wp-block-column-is-layout-flow\"><div  class=\"jet-form-builder-row field-type-text-field\" >\n<div class=\"jet-form-builder__label\">\r\n<div class=\"jet-form-builder__label-text\">Nome <span class=\"jet-form-builder__required\">*<\/span><\/div><\/div><div class=\"jet-form-builder__field-wrap\">\n\t\t\t\t<input required=\"required\" name=\"nombre\" id=\"nombre\" type=\"text\" data-field-name=\"nombre\" class=\"jet-form-builder__field text-field\" data-jfb-sync=\"null\" autocomplete=\"off_MnEgsSCz\">\n\t\t\t\t\t<\/div>\n<\/div><\/div>\n\n\n\n<div class=\"wp-block-column is-layout-flow wp-block-column-is-layout-flow\"><div  class=\"jet-form-builder-row field-type-text-field\" >\n<div class=\"jet-form-builder__label\">\r\n<div class=\"jet-form-builder__label-text\">Sobrenome <span class=\"jet-form-builder__required\">*<\/span><\/div><\/div><div class=\"jet-form-builder__field-wrap\">\n\t\t\t\t<input required=\"required\" name=\"apellido\" id=\"apellido\" type=\"text\" data-field-name=\"apellido\" class=\"jet-form-builder__field text-field\" data-jfb-sync=\"null\" autocomplete=\"off_7Pz1H438\">\n\t\t\t\t\t<\/div>\n<\/div><\/div>\n<\/div>\n\n\n<div  class=\"jet-form-builder-row field-type-text-field\" >\n<div class=\"jet-form-builder__label\">\r\n<div class=\"jet-form-builder__label-text\">E-mail <span class=\"jet-form-builder__required\">*<\/span><\/div><\/div><div class=\"jet-form-builder__field-wrap\">\n\t\t\t\t<input required=\"required\" name=\"correo_electronico\" id=\"correo_electronico\" type=\"email\" data-field-name=\"correo_electronico\" class=\"jet-form-builder__field text-field\" data-jfb-sync=\"null\" autocomplete=\"off_qcQklt0p\">\n\t\t\t\t\t<\/div>\n<\/div>\n\n\n<div class=\"wp-block-columns is-layout-flex wp-container-core-columns-is-layout-28f84493 wp-block-columns-is-layout-flex\">\n<div class=\"wp-block-column is-layout-flow wp-block-column-is-layout-flow\"><div  data-value=\"[{&quot;id&quot;:6157,&quot;conditions&quot;:[{&quot;__visible&quot;:true,&quot;value&quot;:&quot;&quot;}],&quot;to_set&quot;:&quot;&quot;}]\" class=\"jet-form-builder-row field-type-text-field\" >\n<div class=\"jet-form-builder__label\">\r\n<div class=\"jet-form-builder__label-text\">Senha <span class=\"jet-form-builder__required\">*<\/span><\/div><\/div><div class=\"jet-form-builder__field-wrap\">\n\t\t\t\t<input required=\"required\" name=\"contrasena\" id=\"contrasena\" type=\"password\" data-field-name=\"contrasena\" class=\"jet-form-builder__field text-field\" data-jfb-sync=\"null\" autocomplete=\"off_0KEy7ou9\">\n\t\t\t\t\t<\/div>\n<\/div><\/div>\n\n\n\n<div class=\"wp-block-column is-layout-flow wp-block-column-is-layout-flow\">\n<div class=\"wp-block-columns is-layout-flex wp-container-core-columns-is-layout-28f84493 wp-block-columns-is-layout-flex\">\n<div class=\"wp-block-column is-layout-flow wp-block-column-is-layout-flow\"><div  class=\"jet-form-builder-row field-type-text-field\" >\n<div class=\"jet-form-builder__label\">\r\n<div class=\"jet-form-builder__label-text\">Repita a sua palavra-passe <span class=\"jet-form-builder__required\">*<\/span><\/div><\/div><div class=\"jet-form-builder__field-wrap\">\n\t\t\t\t<input required=\"required\" name=\"repita_su_contrasena\" id=\"repita_su_contrasena\" type=\"password\" data-field-name=\"repita_su_contrasena\" class=\"jet-form-builder__field text-field\" data-jfb-sync=\"null\" autocomplete=\"off_vGNVzkgJ\">\n\t\t\t\t\t<\/div>\n<\/div><\/div>\n<\/div>\n<\/div>\n<\/div>\n\n\n<div  class=\"jet-form-builder-row field-type-checkbox-field\" >\n<div class=\"jet-form-builder__fields-group checkradio-wrap\" data-jfb-sync><div class=\"jet-form-builder__field-wrap checkboxes-wrap checkradio-wrap\"><label class=\"jet-form-builder__field-label for-checkbox\">\n<input type=\"checkbox\" name=\"promociones\" value=\"Si deseo\" data-field-name=\"promociones\"  class=\"jet-form-builder__field checkboxes-field checkradio-field\"><span>Desejo receber comunica\u00e7\u00f5es de marketing da Almafiel com promo\u00e7\u00f5es, descontos e dicas de bem-estar.<\/span><\/label><\/div><\/div>\n<\/div>\n\n<div  class=\"jet-form-builder-row field-type-checkbox-field\" >\n<div class=\"jet-form-builder__fields-group checkradio-wrap\" data-jfb-sync><div class=\"jet-form-builder__field-wrap checkboxes-wrap checkradio-wrap\"><label class=\"jet-form-builder__field-label for-checkbox\">\n<input type=\"checkbox\" name=\"Politica_de_privacidad\" value=\"Si acepto\" data-field-name=\"Politica_de_privacidad\"  class=\"jet-form-builder__field checkboxes-field checkradio-field\"><span>Li e concordo com o <a href=\"https:\/\/almafiel.es\/pt-pt\/politica-de-privacidade\/\" style=\"color:#000\" target=\"_blank\">pol\u00edtica de Privacidade<\/a> y los <a href=\"https:\/\/almafiel.es\/pt-pt\/politica-de-privacidade\/\" style=\"color:#000\" target=\"_blank\">Termos e Condi\u00e7\u00f5es<\/a><\/span><\/label><\/div><\/div>\n<\/div>\n\n<div  class=\"jet-form-builder-row field-type-submit-field\" >\n\t<div data-type=\"submit\" class=\"jet-form-builder__action-button-wrapper jet-form-builder__submit-wrap\">\n\t<button class=\"jet-form-builder__action-button jet-form-builder__submit submit-type-reload\" type=\"submit\">Junte-se ao Clube<\/button>\n\t<\/div>\n\t\n<\/div>\n\n\n<div class=\"wp-block-columns is-layout-flex wp-container-core-columns-is-layout-28f84493 wp-block-columns-is-layout-flex\">\n<div class=\"wp-block-column is-layout-flow wp-block-column-is-layout-flow\"><\/div>\n<\/div>\n\n\n\n<p><\/p>\n\t<div class=\"jet-form-builder-messages-wrap\" data-form-id=\"2729\"><\/div>\n<\/form>\n\t\t\t\t<\/div>\n\t\t\t\t<\/div>\n\t\t\t\t<\/div>\n\t\t\t\t<\/div>\n\t\t\t\t<\/div>\n\t\t","protected":false},"excerpt":{"rendered":"<p>Clube Bem-vindo! Estamos felizes por querer juntar-se \u00e0 nossa grande fam\u00edlia. Preencha os seus dados para ter acesso a um desconto exclusivo na sua primeira compra e receber, diretamente no seu e-mail, todas as nossas novidades, lan\u00e7amentos e promo\u00e7\u00f5es especiais. Queremos que aproveite o melhor desde o primeiro momento! Nome * Sobrenome * E-mail * [&hellip;]<\/p>\n","protected":false},"author":1,"featured_media":0,"parent":0,"menu_order":0,"comment_status":"closed","ping_status":"closed","template":"elementor_header_footer","meta":{"_acf_changed":false,"footnotes":""},"class_list":["post-2015","page","type-page","status-publish","hentry"],"acf":[],"_links":{"self":[{"href":"https:\/\/almafiel.es\/pt-pt\/wp-json\/wp\/v2\/pages\/2015","targetHints":{"allow":["GET"]}}],"collection":[{"href":"https:\/\/almafiel.es\/pt-pt\/wp-json\/wp\/v2\/pages"}],"about":[{"href":"https:\/\/almafiel.es\/pt-pt\/wp-json\/wp\/v2\/types\/page"}],"author":[{"embeddable":true,"href":"https:\/\/almafiel.es\/pt-pt\/wp-json\/wp\/v2\/users\/1"}],"replies":[{"embeddable":true,"href":"https:\/\/almafiel.es\/pt-pt\/wp-json\/wp\/v2\/comments?post=2015"}],"version-history":[{"count":7,"href":"https:\/\/almafiel.es\/pt-pt\/wp-json\/wp\/v2\/pages\/2015\/revisions"}],"predecessor-version":[{"id":2738,"href":"https:\/\/almafiel.es\/pt-pt\/wp-json\/wp\/v2\/pages\/2015\/revisions\/2738"}],"wp:attachment":[{"href":"https:\/\/almafiel.es\/pt-pt\/wp-json\/wp\/v2\/media?parent=2015"}],"curies":[{"name":"wp","href":"https:\/\/api.w.org\/{rel}","templated":true}]}}