{"id":2017,"date":"2025-09-23T18:17:50","date_gmt":"2025-09-23T16:17:50","guid":{"rendered":"https:\/\/almafiel.es\/contacto\/"},"modified":"2025-11-17T13:27:12","modified_gmt":"2025-11-17T12:27:12","slug":"contacto","status":"publish","type":"page","link":"https:\/\/almafiel.es\/pt-pt\/contacto\/","title":{"rendered":"Contacto"},"content":{"rendered":"\t\t<div data-elementor-type=\"wp-page\" data-elementor-id=\"2017\" class=\"elementor elementor-2017 elementor-77\" data-elementor-post-type=\"page\">\n\t\t\t\t<div class=\"elementor-element elementor-element-7d1473f e-con-full e-flex e-con e-parent\" data-id=\"7d1473f\" data-element_type=\"container\" data-settings=\"{&quot;background_background&quot;:&quot;classic&quot;}\">\n\t\t<div class=\"elementor-element elementor-element-0490f05 e-con-full e-flex e-con e-child\" data-id=\"0490f05\" data-element_type=\"container\">\n\t\t\t\t<div class=\"elementor-element elementor-element-a2883bb elementor-widget elementor-widget-heading\" data-id=\"a2883bb\" data-element_type=\"widget\" data-widget_type=\"heading.default\">\n\t\t\t\t\t<h1 class=\"elementor-heading-title elementor-size-default\">Contate-nos<\/h1>\t\t\t\t<\/div>\n\t\t\t\t<\/div>\n\t\t\t\t<\/div>\n\t\t<div class=\"elementor-element elementor-element-b8ac5f8 e-con-full e-flex e-con e-parent\" data-id=\"b8ac5f8\" data-element_type=\"container\">\n\t\t<div class=\"elementor-element elementor-element-9115173 e-con-full e-flex e-con e-child\" data-id=\"9115173\" data-element_type=\"container\">\n\t\t\t\t<div class=\"elementor-element elementor-element-d6bae1e elementor-button-align-center elementor-mobile-button-align-center elementor-widget elementor-widget-form\" data-id=\"d6bae1e\" data-element_type=\"widget\" data-settings=\"{&quot;step_next_label&quot;:&quot;Siguiente&quot;,&quot;step_previous_label&quot;:&quot;Anterior&quot;,&quot;button_width&quot;:&quot;100&quot;,&quot;step_type&quot;:&quot;number_text&quot;,&quot;step_icon_shape&quot;:&quot;circle&quot;}\" btn-lead=\"\" data-widget_type=\"form.default\">\n\t\t\t\t\t\t\t<form class=\"elementor-form\" method=\"post\" name=\"Contacto\" aria-label=\"Contacto\">\n\t\t\t<input type=\"hidden\" name=\"post_id\" value=\"2017\"\/>\n\t\t\t<input type=\"hidden\" name=\"form_id\" value=\"d6bae1e\"\/>\n\t\t\t<input type=\"hidden\" name=\"referer_title\" value=\"Contacto\" \/>\n\n\t\t\t\t\t\t\t<input type=\"hidden\" name=\"queried_id\" value=\"2017\"\/>\n\t\t\t\n\t\t\t<div class=\"elementor-form-fields-wrapper elementor-labels-above\">\n\t\t\t\t\t\t\t\t<div class=\"elementor-field-type-text elementor-field-group elementor-column elementor-field-group-Nombre elementor-col-50 elementor-field-required elementor-mark-required\">\n\t\t\t\t\t\t\t\t\t\t\t\t<label for=\"form-field-Nombre\" class=\"elementor-field-label\">\n\t\t\t\t\t\t\t\tNome:\t\t\t\t\t\t\t<\/label>\n\t\t\t\t\t\t\t\t\t\t\t\t\t\t<input size=\"1\" type=\"text\" name=\"form_fields[Nombre]\" id=\"form-field-Nombre\" class=\"elementor-field elementor-size-sm  elementor-field-textual\" required=\"required\">\n\t\t\t\t\t\t\t\t\t\t\t<\/div>\n\t\t\t\t\t\t\t\t<div class=\"elementor-field-type-text elementor-field-group elementor-column elementor-field-group-Apellido elementor-col-50 elementor-field-required elementor-mark-required\">\n\t\t\t\t\t\t\t\t\t\t\t\t<label for=\"form-field-Apellido\" class=\"elementor-field-label\">\n\t\t\t\t\t\t\t\tApelido:\t\t\t\t\t\t\t<\/label>\n\t\t\t\t\t\t\t\t\t\t\t\t\t\t<input size=\"1\" type=\"text\" name=\"form_fields[Apellido]\" id=\"form-field-Apellido\" class=\"elementor-field elementor-size-sm  elementor-field-textual\" required=\"required\">\n\t\t\t\t\t\t\t\t\t\t\t<\/div>\n\t\t\t\t\t\t\t\t<div class=\"elementor-field-type-email elementor-field-group elementor-column elementor-field-group-email elementor-col-100 elementor-field-required elementor-mark-required\">\n\t\t\t\t\t\t\t\t\t\t\t\t<label for=\"form-field-email\" class=\"elementor-field-label\">\n\t\t\t\t\t\t\t\tE-mail:\t\t\t\t\t\t\t<\/label>\n\t\t\t\t\t\t\t\t\t\t\t\t\t\t<input size=\"1\" type=\"email\" name=\"form_fields[email]\" id=\"form-field-email\" class=\"elementor-field elementor-size-sm  elementor-field-textual\" required=\"required\">\n\t\t\t\t\t\t\t\t\t\t\t<\/div>\n\t\t\t\t\t\t\t\t<div class=\"elementor-field-type-radio elementor-field-group elementor-column elementor-field-group-Asunto elementor-col-100 elementor-field-required elementor-mark-required\">\n\t\t\t\t\t\t\t\t\t\t\t\t<label for=\"form-field-Asunto\" class=\"elementor-field-label\">\n\t\t\t\t\t\t\t\tAssunto:\t\t\t\t\t\t\t<\/label>\n\t\t\t\t\t\t<div class=\"elementor-field-subgroup  elementor-subgroup-inline\"><span class=\"elementor-field-option\"><input type=\"radio\" value=\"Encomenda \/ Envio\" id=\"form-field-Asunto-0\" name=\"form_fields[Asunto]\" required=\"required\"> <label for=\"form-field-Asunto-0\">Encomenda \/ Envio<\/label><\/span><span class=\"elementor-field-option\"><input type=\"radio\" value=\"Devolu\u00e7\u00e3o\" id=\"form-field-Asunto-1\" name=\"form_fields[Asunto]\" required=\"required\"> <label for=\"form-field-Asunto-1\">Devolu\u00e7\u00e3o<\/label><\/span><span class=\"elementor-field-option\"><input type=\"radio\" value=\"Produto \/ Ingredientes\" id=\"form-field-Asunto-2\" name=\"form_fields[Asunto]\" required=\"required\"> <label for=\"form-field-Asunto-2\">Produto \/ Ingredientes<\/label><\/span><span class=\"elementor-field-option\"><input type=\"radio\" value=\"Faturamento\" id=\"form-field-Asunto-3\" name=\"form_fields[Asunto]\" required=\"required\"> <label for=\"form-field-Asunto-3\">Faturamento<\/label><\/span><span class=\"elementor-field-option\"><input type=\"radio\" value=\"Outros\" id=\"form-field-Asunto-4\" name=\"form_fields[Asunto]\" required=\"required\"> <label for=\"form-field-Asunto-4\">Outros<\/label><\/span><\/div>\t\t\t\t<\/div>\n\t\t\t\t\t\t\t\t<div class=\"elementor-field-type-textarea elementor-field-group elementor-column elementor-field-group-Mensaje elementor-col-100\">\n\t\t\t\t\t\t\t\t\t\t\t\t<label for=\"form-field-Mensaje\" class=\"elementor-field-label\">\n\t\t\t\t\t\t\t\tMensagem:\t\t\t\t\t\t\t<\/label>\n\t\t\t\t\t\t<textarea class=\"elementor-field-textual elementor-field  elementor-size-sm\" name=\"form_fields[Mensaje]\" id=\"form-field-Mensaje\" rows=\"3\"><\/textarea>\t\t\t\t<\/div>\n\t\t\t\t\t\t\t\t<div class=\"elementor-field-type-acceptance elementor-field-group elementor-column elementor-field-group-Promociones elementor-col-100\">\n\t\t\t\t\t\t\t<div class=\"elementor-field-subgroup\">\n\t\t\t<span class=\"elementor-field-option\">\n\t\t\t\t<input type=\"checkbox\" name=\"form_fields[Promociones]\" id=\"form-field-Promociones\" class=\"elementor-field elementor-size-sm  elementor-acceptance-field\">\n\t\t\t\t<label for=\"form-field-Promociones\">Desejo receber comunica\u00e7\u00f5es de marketing da Almafiel com promo\u00e7\u00f5es, descontos e dicas de bem-estar.<\/label>\t\t\t<\/span>\n\t\t<\/div>\n\t\t\t\t\t\t<\/div>\n\t\t\t\t\t\t\t\t<div class=\"elementor-field-type-acceptance elementor-field-group elementor-column elementor-field-group-RGPD elementor-col-100 elementor-field-required elementor-mark-required\">\n\t\t\t\t\t\t\t<div class=\"elementor-field-subgroup\">\n\t\t\t<span class=\"elementor-field-option\">\n\t\t\t\t<input type=\"checkbox\" name=\"form_fields[RGPD]\" id=\"form-field-RGPD\" class=\"elementor-field elementor-size-sm  elementor-acceptance-field\" required=\"required\">\n\t\t\t\t<label for=\"form-field-RGPD\">Concordo que a Almafiel pode utilizar esta informa\u00e7\u00e3o de forma an\u00f3nima para orientar o desenvolvimento de produtos futuros (em conformidade com o RGPD).<\/label>\t\t\t<\/span>\n\t\t<\/div>\n\t\t\t\t\t\t<\/div>\n\t\t\t\t\t\t\t\t<div class=\"elementor-field-group elementor-column elementor-field-type-submit elementor-col-100 e-form__buttons\">\n\t\t\t\t\t<button class=\"elementor-button elementor-size-sm elementor-animation-float\" type=\"submit\">\n\t\t\t\t\t\t<span class=\"elementor-button-content-wrapper\">\n\t\t\t\t\t\t\t\t\t\t\t\t\t\t\t\t\t\t\t\t\t\t<span class=\"elementor-button-text\">Enviar<\/span>\n\t\t\t\t\t\t\t\t\t\t\t\t\t<\/span>\n\t\t\t\t\t<\/button>\n\t\t\t\t<\/div>\n\t\t\t<\/div>\n\t\t<\/form>\n\t\t\t\t\t\t<\/div>\n\t\t\t\t<\/div>\n\t\t\t\t<\/div>\n\t\t\t\t<\/div>\n\t\t","protected":false},"excerpt":{"rendered":"<p>Contate-nos<\/p>\n","protected":false},"author":1,"featured_media":0,"parent":0,"menu_order":0,"comment_status":"closed","ping_status":"closed","template":"elementor_header_footer","meta":{"_acf_changed":false,"footnotes":""},"class_list":["post-2017","page","type-page","status-publish","hentry"],"acf":[],"_links":{"self":[{"href":"https:\/\/almafiel.es\/pt-pt\/wp-json\/wp\/v2\/pages\/2017","targetHints":{"allow":["GET"]}}],"collection":[{"href":"https:\/\/almafiel.es\/pt-pt\/wp-json\/wp\/v2\/pages"}],"about":[{"href":"https:\/\/almafiel.es\/pt-pt\/wp-json\/wp\/v2\/types\/page"}],"author":[{"embeddable":true,"href":"https:\/\/almafiel.es\/pt-pt\/wp-json\/wp\/v2\/users\/1"}],"replies":[{"embeddable":true,"href":"https:\/\/almafiel.es\/pt-pt\/wp-json\/wp\/v2\/comments?post=2017"}],"version-history":[{"count":6,"href":"https:\/\/almafiel.es\/pt-pt\/wp-json\/wp\/v2\/pages\/2017\/revisions"}],"predecessor-version":[{"id":2906,"href":"https:\/\/almafiel.es\/pt-pt\/wp-json\/wp\/v2\/pages\/2017\/revisions\/2906"}],"wp:attachment":[{"href":"https:\/\/almafiel.es\/pt-pt\/wp-json\/wp\/v2\/media?parent=2017"}],"curies":[{"name":"wp","href":"https:\/\/api.w.org\/{rel}","templated":true}]}}